{"id":932,"date":"2018-04-26T19:57:16","date_gmt":"2018-04-26T18:57:16","guid":{"rendered":"http:\/\/sunsmiles.si\/shop\/?post_type=product&#038;p=932"},"modified":"2021-06-29T09:38:25","modified_gmt":"2021-06-29T08:38:25","slug":"trak-ceramic","status":"publish","type":"product","link":"http:\/\/sunsmiles.si\/shop\/product\/trak-ceramic\/","title":{"rendered":"Trak &#8221;CERAMIC&#8221;"},"content":{"rendered":"<p>Trakovi <strong>&#8220;Ceramic&#8221;<\/strong> so zdru\u017eljivi s podplati na 3 zanke.<br \/>\nIzbirate lahko med \u0161tevilnimi barvami ter oblikami unikatnega kerami\u010dnega dodatka &#8211; srce, krog, zvezda, list, ro\u017eica.<br \/>\nNarejeni so iz visokokakovostne Lycre in omogo\u010dajo enostavno menjavo ter \u0161tevilne na\u010dine vezanja.<\/p>\n<p><em>Sestava:<\/em><br \/>\n<em>Zgornji del: tekstil in drugi materiali<\/em><br \/>\n<em>Podplat: drugi materiali<\/em><\/p>\n","protected":false},"excerpt":{"rendered":"<p>Trak <strong>&#8220;Ceramic&#8221;<\/strong> je kraj\u0161i trak z ro\u010dno izdelanim, unikatnim kerami\u010dnim dodatkom, ki sandalom dodaja pridih druga\u010dnosti.<\/p>\n","protected":false},"featured_media":1561,"template":"","meta":[],"_links":{"self":[{"href":"http:\/\/sunsmiles.si\/shop\/wp-json\/wp\/v2\/product\/932"}],"collection":[{"href":"http:\/\/sunsmiles.si\/shop\/wp-json\/wp\/v2\/product"}],"about":[{"href":"http:\/\/sunsmiles.si\/shop\/wp-json\/wp\/v2\/types\/product"}],"wp:featuredmedia":[{"embeddable":true,"href":"http:\/\/sunsmiles.si\/shop\/wp-json\/wp\/v2\/media\/1561"}],"wp:attachment":[{"href":"http:\/\/sunsmiles.si\/shop\/wp-json\/wp\/v2\/media?parent=932"}],"curies":[{"name":"wp","href":"https:\/\/api.w.org\/{rel}","templated":true}]}}