{"id":905,"date":"2018-04-26T19:42:47","date_gmt":"2018-04-26T18:42:47","guid":{"rendered":"http:\/\/sunsmiles.si\/shop\/?post_type=product&#038;p=905"},"modified":"2020-08-31T01:07:56","modified_gmt":"2020-08-31T00:07:56","slug":"trak-coco-logo","status":"publish","type":"product","link":"http:\/\/sunsmiles.si\/shop\/product\/trak-coco-logo\/","title":{"rendered":"Trak &#8221;COCO LOGO&#8221;"},"content":{"rendered":"<p>Trakovi <strong>&#8220;Coco Logo&#8221;<\/strong> so zdru\u017eljivi s podplati na 3 zanke. Izbirate lahko med \u0161tevilnimi barvami traku. Trak &#8220;Coco Logo&#8221; bo va\u0161im sandalom dodal pridih sonca in morja.<br \/>\nNarejeni so iz visokokakovostne Lycre in omogo\u010dajo enostavno menjavo ter \u0161tevilne na\u010dine vezanja.<\/p>\n<p><em>Sestava:<\/em><br \/>\n<em>Zgornji del: tekstil in drugi materiali<\/em><br \/>\n<em>Podplat: drugi materiali<\/em><\/p>\n","protected":false},"excerpt":{"rendered":"<p>Trak <strong>&#8220;Coco Logo&#8221;<\/strong> je kraj\u0161i trak, ki se zave\u017ee okoli gle\u017enja, z ro\u010dno izdelanim obro\u010dkom iz kokosa ter son\u010dnim logom SunSmiles.<\/p>\n","protected":false},"featured_media":43,"template":"","meta":[],"_links":{"self":[{"href":"http:\/\/sunsmiles.si\/shop\/wp-json\/wp\/v2\/product\/905"}],"collection":[{"href":"http:\/\/sunsmiles.si\/shop\/wp-json\/wp\/v2\/product"}],"about":[{"href":"http:\/\/sunsmiles.si\/shop\/wp-json\/wp\/v2\/types\/product"}],"wp:featuredmedia":[{"embeddable":true,"href":"http:\/\/sunsmiles.si\/shop\/wp-json\/wp\/v2\/media\/43"}],"wp:attachment":[{"href":"http:\/\/sunsmiles.si\/shop\/wp-json\/wp\/v2\/media?parent=905"}],"curies":[{"name":"wp","href":"https:\/\/api.w.org\/{rel}","templated":true}]}}