{"id":9,"date":"2018-02-08T12:41:34","date_gmt":"2018-02-08T12:41:34","guid":{"rendered":"http:\/\/sunsmiles.si\/shop\/?post_type=product&#038;p=9"},"modified":"2025-07-19T12:38:35","modified_gmt":"2025-07-19T11:38:35","slug":"sunsmiles-3-zanke-podplat","status":"publish","type":"product","link":"http:\/\/sunsmiles.si\/shop\/product\/sunsmiles-3-zanke-podplat\/","title":{"rendered":"Podplat s 3 zankami"},"content":{"rendered":"<p><strong>Podplati s tremi (3) zankami<\/strong> predstavljajo najbolj vsestransko osnovo, saj omogo\u010dajo kombiniranje z vsemi SunSmiles barvitimi vrhnjimi deli (trakovi, nogavi\u010dkami). Narejeni so iz kvalitetne pene, ki zagotavlja udobno hojo, ter trpe\u017ene gume na spodnji strani podplata.<\/p>\n<p>Izbirate lahko med dvema barvama:<br \/>\n&#8211; ve\u010dno elegantno in vsestransko <span style=\"text-decoration: underline\">\u010cRNO<\/span> ter,<br \/>\n&#8211; lahkotno svetlo barvo <span style=\"text-decoration: underline\">LESA<\/span>.<\/p>\n<p>\u0160tevilke so ve\u010dje kot obi\u010dajno. Pred naro\u010dilom vam zato priporo\u010damo, da si izmerite stopalo in izberete pravilno velikost.<\/p>\n<p><em>Sestava:<\/em><br \/>\n<em> Zgornji del: tekstil in drugi materiali<\/em><br \/>\n<em> Podplat: drugi materiali<\/em><\/p>\n<p>&nbsp;<\/p>\n","protected":false},"excerpt":{"rendered":"<p><strong>Podplati s tremi (3) zankami<\/strong> predstavljajo najbolj vsestransko osnovo za kombiniranje ter omogo\u010dajo prijetno in udobno hojo.<\/p>\n","protected":false},"featured_media":245,"template":"","meta":[],"_links":{"self":[{"href":"http:\/\/sunsmiles.si\/shop\/wp-json\/wp\/v2\/product\/9"}],"collection":[{"href":"http:\/\/sunsmiles.si\/shop\/wp-json\/wp\/v2\/product"}],"about":[{"href":"http:\/\/sunsmiles.si\/shop\/wp-json\/wp\/v2\/types\/product"}],"wp:featuredmedia":[{"embeddable":true,"href":"http:\/\/sunsmiles.si\/shop\/wp-json\/wp\/v2\/media\/245"}],"wp:attachment":[{"href":"http:\/\/sunsmiles.si\/shop\/wp-json\/wp\/v2\/media?parent=9"}],"curies":[{"name":"wp","href":"https:\/\/api.w.org\/{rel}","templated":true}]}}