{"id":840,"date":"2018-04-22T19:24:06","date_gmt":"2018-04-22T18:24:06","guid":{"rendered":"http:\/\/sunsmiles.si\/shop\/?post_type=product&#038;p=840"},"modified":"2020-08-31T01:07:56","modified_gmt":"2020-08-31T00:07:56","slug":"trak-flower","status":"publish","type":"product","link":"http:\/\/sunsmiles.si\/shop\/product\/trak-flower\/","title":{"rendered":"Trak &#8221;FLOWER&#8221;"},"content":{"rendered":"<p>Trakovi <strong>&#8220;Flower&#8221;<\/strong> so zdru\u017eljivi s podplati na 3 zanke. Izbirate lahko med \u0161tevilnimi barvami traku.<br \/>\nNarejeni so iz visokokakovostne Lycre in omogo\u010dajo enostavno menjavo ter \u0161tevilne na\u010dine vezanja. Z njimi boste vedno igrivi in usklajeni s poletnimi barvami.<\/p>\n<p><em>Sestava:<\/em><br \/>\n<em>Zgornji del: tekstil in drugi materiali<\/em><br \/>\n<em>Podplat: drugi materiali<\/em><\/p>\n","protected":false},"excerpt":{"rendered":"<p>Trak <strong>&#8220;Flower&#8221;<\/strong> je pisan trak, ki ga zave\u017eemo okoli gle\u017enja z oble\u010denim obro\u010dkom iz kokosa.<\/p>\n","protected":false},"featured_media":871,"template":"","meta":[],"_links":{"self":[{"href":"http:\/\/sunsmiles.si\/shop\/wp-json\/wp\/v2\/product\/840"}],"collection":[{"href":"http:\/\/sunsmiles.si\/shop\/wp-json\/wp\/v2\/product"}],"about":[{"href":"http:\/\/sunsmiles.si\/shop\/wp-json\/wp\/v2\/types\/product"}],"wp:featuredmedia":[{"embeddable":true,"href":"http:\/\/sunsmiles.si\/shop\/wp-json\/wp\/v2\/media\/871"}],"wp:attachment":[{"href":"http:\/\/sunsmiles.si\/shop\/wp-json\/wp\/v2\/media?parent=840"}],"curies":[{"name":"wp","href":"https:\/\/api.w.org\/{rel}","templated":true}]}}