{"id":810,"date":"2018-04-22T19:10:03","date_gmt":"2018-04-22T18:10:03","guid":{"rendered":"http:\/\/sunsmiles.si\/shop\/?post_type=product&#038;p=810"},"modified":"2020-08-31T01:07:56","modified_gmt":"2020-08-31T00:07:56","slug":"trak-classic-print","status":"publish","type":"product","link":"http:\/\/sunsmiles.si\/shop\/product\/trak-classic-print\/","title":{"rendered":"Trak &#8221;CLASSIC PRINT&#8221;"},"content":{"rendered":"<p>Trakovi <strong>&#8220;Classic print&#8221;<\/strong> so zdru\u017eljivi s podplati na 3 zanke. Noga v sandalu s trakom &#8220;Classic print&#8221; tako postane elegantna in vedno modna.<br \/>\nIzbirate lahko med srebrno in zlato barvo obro\u010dka ter razli\u010dnimi potiski traku.<br \/>\nNarejeni so iz visokokakovostne Lycre in omogo\u010dajo enostavno menjavo ter \u0161tevilne na\u010dine vezanja.<\/p>\n<p><em>Sestava:<\/em><br \/>\n<em>Zgornji del: tekstil in drugi materiali<\/em><br \/>\n<em>Podplat: drugi materiali<\/em><\/p>\n","protected":false},"excerpt":{"rendered":"<p>Trak <strong>&#8220;Classic print&#8221;<\/strong> je kraj\u0161i trak, ki se preko zlatega ali srebrnega obro\u010dka, zave\u017ee okoli gle\u017enja.<\/p>\n","protected":false},"featured_media":683,"template":"","meta":[],"_links":{"self":[{"href":"http:\/\/sunsmiles.si\/shop\/wp-json\/wp\/v2\/product\/810"}],"collection":[{"href":"http:\/\/sunsmiles.si\/shop\/wp-json\/wp\/v2\/product"}],"about":[{"href":"http:\/\/sunsmiles.si\/shop\/wp-json\/wp\/v2\/types\/product"}],"wp:featuredmedia":[{"embeddable":true,"href":"http:\/\/sunsmiles.si\/shop\/wp-json\/wp\/v2\/media\/683"}],"wp:attachment":[{"href":"http:\/\/sunsmiles.si\/shop\/wp-json\/wp\/v2\/media?parent=810"}],"curies":[{"name":"wp","href":"https:\/\/api.w.org\/{rel}","templated":true}]}}