{"id":785,"date":"2018-04-22T18:52:45","date_gmt":"2018-04-22T17:52:45","guid":{"rendered":"http:\/\/sunsmiles.si\/shop\/?post_type=product&#038;p=785"},"modified":"2022-07-23T10:15:30","modified_gmt":"2022-07-23T09:15:30","slug":"trak-classic","status":"publish","type":"product","link":"http:\/\/sunsmiles.si\/shop\/product\/trak-classic\/","title":{"rendered":"Trak &#8221;CLASSIC&#8221;"},"content":{"rendered":"<p>Trakovi <strong>&#8220;Classic&#8221;<\/strong> so zdru\u017eljivi s podplati na 3 zanke. Noga v sandalu s trakom &#8220;Classic&#8221; tako postane elegantna in vedno modna.<br \/>\nIzbirate lahko med \u0161tevilnimi barvami traku.<br \/>\nNarejeni so iz visokokakovostne Lycre in omogo\u010dajo enostavno menjavo ter \u0161tevilne na\u010dine vezanja.<\/p>\n<p><em>Sestava:<\/em><br \/>\n<em>Zgornji del: tekstil in drugi materiali<\/em><br \/>\n<em>Podplat: drugi materiali<\/em><\/p>\n","protected":false},"excerpt":{"rendered":"<p>Trak <strong>&#8220;Classic&#8221;<\/strong> je kraj\u0161i trak, ki se preko zlatega ali srebrnega obro\u010dka, zave\u017ee okoli gle\u017enja.<\/p>\n","protected":false},"featured_media":248,"template":"","meta":[],"_links":{"self":[{"href":"http:\/\/sunsmiles.si\/shop\/wp-json\/wp\/v2\/product\/785"}],"collection":[{"href":"http:\/\/sunsmiles.si\/shop\/wp-json\/wp\/v2\/product"}],"about":[{"href":"http:\/\/sunsmiles.si\/shop\/wp-json\/wp\/v2\/types\/product"}],"wp:featuredmedia":[{"embeddable":true,"href":"http:\/\/sunsmiles.si\/shop\/wp-json\/wp\/v2\/media\/248"}],"wp:attachment":[{"href":"http:\/\/sunsmiles.si\/shop\/wp-json\/wp\/v2\/media?parent=785"}],"curies":[{"name":"wp","href":"https:\/\/api.w.org\/{rel}","templated":true}]}}