{"id":731,"date":"2018-04-22T15:17:10","date_gmt":"2018-04-22T14:17:10","guid":{"rendered":"http:\/\/sunsmiles.si\/shop\/?post_type=product&#038;p=731"},"modified":"2020-08-31T01:07:56","modified_gmt":"2020-08-31T00:07:56","slug":"trak-gladiator","status":"publish","type":"product","link":"http:\/\/sunsmiles.si\/shop\/product\/trak-gladiator\/","title":{"rendered":"Trak &#8221;GLADIATOR&#8221;"},"content":{"rendered":"<p>Trakovi<strong> &#8220;Gladiator&#8221;<\/strong> so zdru\u017eljivi s podplati na 3 in 5 zank. Izbirate lahko med \u0161tevilnimi barvami traku.<br \/>\nNarejeni so iz visokokakovostne Lycre in omogo\u010dajo enostavno menjavo ter \u0161tevilne na\u010dine vezanja.<\/p>\n<p><em>Sestava:<\/em><br \/>\n<em>Zgornji del: tekstil in drugi materiali<\/em><br \/>\n<em>Podplat: drugi materiali<\/em><\/p>\n","protected":false},"excerpt":{"rendered":"<p>Trak <strong>&#8220;Gladiator&#8221;<\/strong> je dalj\u0161i trak z 2 majhnima obro\u010dkoma srebrne barve, ki omogo\u010data vezanje na na\u010din \u00bbgladiator\u00ab.<\/p>\n","protected":false},"featured_media":299,"template":"","meta":[],"_links":{"self":[{"href":"http:\/\/sunsmiles.si\/shop\/wp-json\/wp\/v2\/product\/731"}],"collection":[{"href":"http:\/\/sunsmiles.si\/shop\/wp-json\/wp\/v2\/product"}],"about":[{"href":"http:\/\/sunsmiles.si\/shop\/wp-json\/wp\/v2\/types\/product"}],"wp:featuredmedia":[{"embeddable":true,"href":"http:\/\/sunsmiles.si\/shop\/wp-json\/wp\/v2\/media\/299"}],"wp:attachment":[{"href":"http:\/\/sunsmiles.si\/shop\/wp-json\/wp\/v2\/media?parent=731"}],"curies":[{"name":"wp","href":"https:\/\/api.w.org\/{rel}","templated":true}]}}