{"id":419,"date":"2018-02-09T18:31:43","date_gmt":"2018-02-09T17:31:43","guid":{"rendered":"http:\/\/sunsmiles.si\/shop\/?post_type=product&#038;p=419"},"modified":"2020-08-31T01:07:56","modified_gmt":"2020-08-31T00:07:56","slug":"ballet-sock","status":"publish","type":"product","link":"http:\/\/sunsmiles.si\/shop\/product\/ballet-sock\/","title":{"rendered":"&#8221;BALLET SOCKS&#8221;"},"content":{"rendered":"<p>Nogavi\u010dke <strong>&#8220;Ballet Socks&#8221;<\/strong> so zdru\u017eljive s podplati na 3 zanke. Izbirate lahko med ve\u010d razli\u010dnimi potiski.<\/p>\n<p><em>Sestava:<\/em><br \/>\n<em> Zgornji del: tekstil in drugi materiali<\/em><br \/>\n<em> Podplat: drugi materiali<\/em><\/p>\n","protected":false},"excerpt":{"rendered":"<p>Nogavi\u010dka <strong>&#8220;Ballet Socks&#8221;<\/strong> je privla\u010den trak, v obliki nogavi\u010dke, ki se zapne z 2 gumboma na zanki ter ovije okrog gle\u017enja.<\/p>\n","protected":false},"featured_media":1563,"template":"","meta":[],"_links":{"self":[{"href":"http:\/\/sunsmiles.si\/shop\/wp-json\/wp\/v2\/product\/419"}],"collection":[{"href":"http:\/\/sunsmiles.si\/shop\/wp-json\/wp\/v2\/product"}],"about":[{"href":"http:\/\/sunsmiles.si\/shop\/wp-json\/wp\/v2\/types\/product"}],"wp:featuredmedia":[{"embeddable":true,"href":"http:\/\/sunsmiles.si\/shop\/wp-json\/wp\/v2\/media\/1563"}],"wp:attachment":[{"href":"http:\/\/sunsmiles.si\/shop\/wp-json\/wp\/v2\/media?parent=419"}],"curies":[{"name":"wp","href":"https:\/\/api.w.org\/{rel}","templated":true}]}}