{"id":298,"date":"2018-02-08T21:37:13","date_gmt":"2018-02-08T20:37:13","guid":{"rendered":"http:\/\/sunsmiles.si\/shop\/?post_type=product&#038;p=298"},"modified":"2025-05-05T09:26:48","modified_gmt":"2025-05-05T08:26:48","slug":"trak-lux","status":"publish","type":"product","link":"http:\/\/sunsmiles.si\/shop\/product\/trak-lux\/","title":{"rendered":"Trak &#8221;LUX&#8221;"},"content":{"rendered":"<p>Trakovi<strong> &#8221; Lux &#8220;<\/strong> so zdru\u017eljivi s podplati na 3 in 5 zank. Idealni so za oblikovanje elegantnega videza \u00bbgladiatork\u00ab.<br \/>\nNa voljo je velika izbira \u017eivih barv!<br \/>\nNarejeni so iz visokokakovostne Lycra in omogo\u010dajo enostavno menjavo ter \u0161tevilne na\u010dine vezanja.<\/p>\n<p><em>Sestava:<\/em><br \/>\n<em>Zgornji del: tekstil in drugi materiali<\/em><br \/>\n<em>Podplat: drugi materiali<\/em><\/p>\n","protected":false},"excerpt":{"rendered":"<p>Trak <strong>&#8220;Lux&#8221;<\/strong> je dalj\u0161i, enobarven trak z majhnim obro\u010dkom in s kovinskim dodatkom na zaklju\u010dku traka.<\/p>\n","protected":false},"featured_media":302,"template":"","meta":[],"_links":{"self":[{"href":"http:\/\/sunsmiles.si\/shop\/wp-json\/wp\/v2\/product\/298"}],"collection":[{"href":"http:\/\/sunsmiles.si\/shop\/wp-json\/wp\/v2\/product"}],"about":[{"href":"http:\/\/sunsmiles.si\/shop\/wp-json\/wp\/v2\/types\/product"}],"wp:featuredmedia":[{"embeddable":true,"href":"http:\/\/sunsmiles.si\/shop\/wp-json\/wp\/v2\/media\/302"}],"wp:attachment":[{"href":"http:\/\/sunsmiles.si\/shop\/wp-json\/wp\/v2\/media?parent=298"}],"curies":[{"name":"wp","href":"https:\/\/api.w.org\/{rel}","templated":true}]}}