{"id":1219,"date":"2018-05-11T17:30:24","date_gmt":"2018-05-11T16:30:24","guid":{"rendered":"http:\/\/sunsmiles.si\/shop\/?post_type=product&#038;p=1219"},"modified":"2020-09-01T04:00:39","modified_gmt":"2020-09-01T03:00:39","slug":"trak-crystal-ruby","status":"publish","type":"product","link":"http:\/\/sunsmiles.si\/shop\/product\/trak-crystal-ruby\/","title":{"rendered":"Trak &#8221;CRYSTAL RUBY&#8221;"},"content":{"rendered":"<p>Trakovi <strong>&#8220;Crystal Ruby&#8221;<\/strong> so zdru\u017eljivi s podplati na 3 zanke. Izbirate lahko med \u0161tevilnimi barvami traku.<br \/>\nNarejeni so iz visokokakovostne Lycre in omogo\u010dajo enostavno menjavo ter \u0161tevilne na\u010dine vezanja.<br \/>\nKristalni dodatek je na voljo v razli\u010dnih odtenkih. Odtenek lahko izberete sami (\u017eelje napi\u0161ite v opombe) ali vam primeren okrasek izberemo mi.<\/p>\n<p>Sestava:<br \/>\nZgornji del: tekstil in drugi materiali<br \/>\nPodplat: drugi materiali<\/p>\n","protected":false},"excerpt":{"rendered":"<p>Trak <strong>&#8220;Crystal Ruby&#8221;<\/strong> je kraj\u0161i trak z ro\u010dno izdelanim, unikatnim okraskom iz stekla.<\/p>\n","protected":false},"featured_media":1256,"template":"","meta":[],"_links":{"self":[{"href":"http:\/\/sunsmiles.si\/shop\/wp-json\/wp\/v2\/product\/1219"}],"collection":[{"href":"http:\/\/sunsmiles.si\/shop\/wp-json\/wp\/v2\/product"}],"about":[{"href":"http:\/\/sunsmiles.si\/shop\/wp-json\/wp\/v2\/types\/product"}],"wp:featuredmedia":[{"embeddable":true,"href":"http:\/\/sunsmiles.si\/shop\/wp-json\/wp\/v2\/media\/1256"}],"wp:attachment":[{"href":"http:\/\/sunsmiles.si\/shop\/wp-json\/wp\/v2\/media?parent=1219"}],"curies":[{"name":"wp","href":"https:\/\/api.w.org\/{rel}","templated":true}]}}