{"id":1150,"date":"2018-05-10T20:10:58","date_gmt":"2018-05-10T19:10:58","guid":{"rendered":"http:\/\/sunsmiles.si\/shop\/?post_type=product&#038;p=1150"},"modified":"2022-07-26T05:28:53","modified_gmt":"2022-07-26T04:28:53","slug":"mini-socks","status":"publish","type":"product","link":"http:\/\/sunsmiles.si\/shop\/product\/mini-socks\/","title":{"rendered":"&#8221;MINI SOCKS&#8221;"},"content":{"rendered":"<p>Nogavi\u010dke\u00a0<strong>&#8221;Mini Socks&#8221;<\/strong> so zdru\u017eljive s podplati na 3 zanke. Z njimi boste zagotovo pritegnili \u0161tevilne poglede in izstopili iz mno\u017eice.<br \/>\nNarejene so iz visokokakovostne Lycre in omogo\u010dajo enostavno menjavo ter \u0161tevilne na\u010dine vezanja.<\/p>\n<p><em>Sestava:<\/em><br \/>\n<em>Zgornji del: tekstil in drugi materiali<\/em><br \/>\n<em>Podplat: drugi materiali<\/em><\/p>\n","protected":false},"excerpt":{"rendered":"<p>Nogavi\u010dka <strong>&#8221;Mini Socks&#8217;<\/strong>&#8216; je privla\u010den trak, v obliki nogavi\u010dke, ki se pripne z 2 gumboma na zanke ter zave\u017ee na gle\u017enju.<\/p>\n","protected":false},"featured_media":1151,"template":"","meta":[],"_links":{"self":[{"href":"http:\/\/sunsmiles.si\/shop\/wp-json\/wp\/v2\/product\/1150"}],"collection":[{"href":"http:\/\/sunsmiles.si\/shop\/wp-json\/wp\/v2\/product"}],"about":[{"href":"http:\/\/sunsmiles.si\/shop\/wp-json\/wp\/v2\/types\/product"}],"wp:featuredmedia":[{"embeddable":true,"href":"http:\/\/sunsmiles.si\/shop\/wp-json\/wp\/v2\/media\/1151"}],"wp:attachment":[{"href":"http:\/\/sunsmiles.si\/shop\/wp-json\/wp\/v2\/media?parent=1150"}],"curies":[{"name":"wp","href":"https:\/\/api.w.org\/{rel}","templated":true}]}}