{"id":1146,"date":"2018-05-10T19:59:31","date_gmt":"2018-05-10T18:59:31","guid":{"rendered":"http:\/\/sunsmiles.si\/shop\/?post_type=product&#038;p=1146"},"modified":"2022-07-26T05:28:53","modified_gmt":"2022-07-26T04:28:53","slug":"long-socks","status":"publish","type":"product","link":"http:\/\/sunsmiles.si\/shop\/product\/long-socks\/","title":{"rendered":"&#8221;LONG SOCKS&#8221;"},"content":{"rendered":"<p>Nogavi\u010dke<strong> &#8220;Long Socks&#8221;<\/strong> so zdru\u017eljive s podplati na 3 zanke. Z njimi boste zagotovo pritegnili \u0161tevilne poglede in izstopili iz mno\u017eice.<br \/>\nNarejene so iz visokokakovostne Lycre in omogo\u010dajo enostavno menjavo ter \u0161tevilne na\u010dine vezanja.<\/p>\n<p><em>Sestava:<\/em><br \/>\n<em>Zgornji del: tekstil in drugi materiali<\/em><br \/>\n<em>Podplat: drugi materiali<\/em><\/p>\n","protected":false},"excerpt":{"rendered":"<p>Nogavi\u010dka <strong>&#8220;Long Socks&#8221;<\/strong> je privla\u010den trak, v obliki nogavi\u010dke, ki se pripne z 2 gumboma na zanke ter ovije okoli noge.<\/p>\n","protected":false},"featured_media":1149,"template":"","meta":[],"_links":{"self":[{"href":"http:\/\/sunsmiles.si\/shop\/wp-json\/wp\/v2\/product\/1146"}],"collection":[{"href":"http:\/\/sunsmiles.si\/shop\/wp-json\/wp\/v2\/product"}],"about":[{"href":"http:\/\/sunsmiles.si\/shop\/wp-json\/wp\/v2\/types\/product"}],"wp:featuredmedia":[{"embeddable":true,"href":"http:\/\/sunsmiles.si\/shop\/wp-json\/wp\/v2\/media\/1149"}],"wp:attachment":[{"href":"http:\/\/sunsmiles.si\/shop\/wp-json\/wp\/v2\/media?parent=1146"}],"curies":[{"name":"wp","href":"https:\/\/api.w.org\/{rel}","templated":true}]}}