{"id":548,"date":"2018-03-17T19:22:17","date_gmt":"2018-03-17T18:22:17","guid":{"rendered":"http:\/\/sunsmiles.si\/shop\/?page_id=548"},"modified":"2018-03-17T19:22:17","modified_gmt":"2018-03-17T18:22:17","slug":"sunsmiles-zgodba","status":"publish","type":"page","link":"http:\/\/sunsmiles.si\/shop\/sunsmiles-zgodba\/","title":{"rendered":"Sunsmiles zgodba"},"content":{"rendered":"<p><strong>SunSmiles<\/strong> sandali so <strong>zanimiva, ustvarjalna, zabavna in \u017eivahna blagovna znamka.<\/strong><\/p>\n<p>Leta 2005 razvita v Cancun-u (Mexico), kjer so razvoj skladno s svetovnimi modnimi trendi stopnjevali vse do danes, ko jih lahko kon\u010dno dobite tudi pri nas v Sloveniji ter kmalu tudi na Hrva\u0161kem!<\/p>\n<p>Na\u0161a naloga je preprosta: <strong>dati \u017eenskam ve\u010d izbire kot kdaj koli prej. Z 1 parom, do 100 izgledov!<\/strong><\/p>\n<p>SunSmiles sandali ponujajo vrsto zamenljivih trakov in dodatkov, ki naredijo poletno obutev lahkotno za no\u0161enje in enostavno za kombiniranje.<br \/>\nVse to na zelo zabaven in barvit na\u010din, da se vedno ujema z va\u0161im stilom.<\/p>\n<p>Poudariti gre izjemno udoben podplat, ki je narejen iz posebno trpe\u017ene pene, katera se ne\u017eno oblikuje po va\u0161em stopalu, s tem prevzame obliko in vam zagotavlja dodatno za\u0161\u010dito in bistveno ve\u010d udobja, ki ga pogosto pogre\u0161amo pri klasi\u010dnih sandalih.<\/p>\n<p>Kot pravi na\u0161 slogan <strong>\u00bbBodite DRUGA\u010cNE in si sestavite svoje SANJSKE SUNSMILES SANDALE!\u00ab<\/strong><\/p>\n","protected":false},"excerpt":{"rendered":"<p>SunSmiles sandali so zanimiva, ustvarjalna, zabavna in \u017eivahna blagovna znamka. Leta 2005 razvita v Cancun-u (Mexico), kjer so razvoj skladno s svetovnimi modnimi trendi stopnjevali vse do danes, ko jih lahko kon\u010dno dobite tudi pri nas v Sloveniji ter kmalu&hellip; <\/p>\n","protected":false},"author":1,"featured_media":0,"parent":0,"menu_order":0,"comment_status":"closed","ping_status":"closed","template":"","meta":[],"_links":{"self":[{"href":"http:\/\/sunsmiles.si\/shop\/wp-json\/wp\/v2\/pages\/548"}],"collection":[{"href":"http:\/\/sunsmiles.si\/shop\/wp-json\/wp\/v2\/pages"}],"about":[{"href":"http:\/\/sunsmiles.si\/shop\/wp-json\/wp\/v2\/types\/page"}],"author":[{"embeddable":true,"href":"http:\/\/sunsmiles.si\/shop\/wp-json\/wp\/v2\/users\/1"}],"replies":[{"embeddable":true,"href":"http:\/\/sunsmiles.si\/shop\/wp-json\/wp\/v2\/comments?post=548"}],"version-history":[{"count":1,"href":"http:\/\/sunsmiles.si\/shop\/wp-json\/wp\/v2\/pages\/548\/revisions"}],"predecessor-version":[{"id":549,"href":"http:\/\/sunsmiles.si\/shop\/wp-json\/wp\/v2\/pages\/548\/revisions\/549"}],"wp:attachment":[{"href":"http:\/\/sunsmiles.si\/shop\/wp-json\/wp\/v2\/media?parent=548"}],"curies":[{"name":"wp","href":"https:\/\/api.w.org\/{rel}","templated":true}]}}