{"id":509,"date":"2018-02-10T21:09:19","date_gmt":"2018-02-10T20:09:19","guid":{"rendered":"http:\/\/sunsmiles.si\/shop\/?page_id=509"},"modified":"2018-03-17T18:44:07","modified_gmt":"2018-03-17T17:44:07","slug":"dostava","status":"publish","type":"page","link":"http:\/\/sunsmiles.si\/shop\/dostava\/","title":{"rendered":"Pla\u010dilo in dostava"},"content":{"rendered":"<p><strong>Mo\u017enosti pla\u010dila:<\/strong><br \/>\n\u2022 Po povzetju,<br \/>\n\u2022 nakazilo preko spletne banke,<br \/>\n\u2022 preko pla\u010dilnega obrazca UPN (na banki ali po\u0161ti).<\/p>\n<p><strong>Opozorilo<\/strong>:<em> Pomembno je da pri nakazilu pripi\u0161ete \u0161e va\u0161e ime in priimek, ki ste ga registrirali na na\u0161i spletni strani, da bomo lahko hitreje odpremili blago.<\/em><\/p>\n<p><strong>Podatki za nakazilo:<\/strong><br \/>\n<em>Banka<\/em>: SKB banka, Ajdov\u0161\u010dina 4, 1513 Ljubljana<br \/>\n\u0160tevilka ra\u010duna IBAN: SI56 0311 1100 0506 643<br \/>\nKoda namena: OTHR<\/p>\n<p><em>Prejemnik<\/em>: Sekopt d.o.o., Ker\u0161i\u010dev hrib 17, 1420 Trbovlje, Slovenija<\/p>\n<p><em>Sklic<\/em>: SI00 2017-\u0161tevilka va\u0161ega naro\u010dila (primer: SI00 2017-154)<\/p>\n<p><strong>Mo\u017enosti dostave:<\/strong><br \/>\n\u2022 preko Po\u0161te Slovenije,<br \/>\n\u2022 osebni prevzem na sede\u017eu podjetja.<\/p>\n<p>Naro\u010dene izdelke po\u0161ljemo najkasneje v <strong>treh dneh<\/strong> od prejema naro\u010dila.<\/p>\n","protected":false},"excerpt":{"rendered":"<p>Mo\u017enosti pla\u010dila: \u2022 Po povzetju, \u2022 nakazilo preko spletne banke, \u2022 preko pla\u010dilnega obrazca UPN (na banki ali po\u0161ti). Opozorilo: Pomembno je da pri nakazilu pripi\u0161ete \u0161e va\u0161e ime in priimek, ki ste ga registrirali na na\u0161i spletni strani, da&hellip; <\/p>\n","protected":false},"author":1,"featured_media":0,"parent":0,"menu_order":0,"comment_status":"closed","ping_status":"closed","template":"","meta":[],"_links":{"self":[{"href":"http:\/\/sunsmiles.si\/shop\/wp-json\/wp\/v2\/pages\/509"}],"collection":[{"href":"http:\/\/sunsmiles.si\/shop\/wp-json\/wp\/v2\/pages"}],"about":[{"href":"http:\/\/sunsmiles.si\/shop\/wp-json\/wp\/v2\/types\/page"}],"author":[{"embeddable":true,"href":"http:\/\/sunsmiles.si\/shop\/wp-json\/wp\/v2\/users\/1"}],"replies":[{"embeddable":true,"href":"http:\/\/sunsmiles.si\/shop\/wp-json\/wp\/v2\/comments?post=509"}],"version-history":[{"count":2,"href":"http:\/\/sunsmiles.si\/shop\/wp-json\/wp\/v2\/pages\/509\/revisions"}],"predecessor-version":[{"id":534,"href":"http:\/\/sunsmiles.si\/shop\/wp-json\/wp\/v2\/pages\/509\/revisions\/534"}],"wp:attachment":[{"href":"http:\/\/sunsmiles.si\/shop\/wp-json\/wp\/v2\/media?parent=509"}],"curies":[{"name":"wp","href":"https:\/\/api.w.org\/{rel}","templated":true}]}}