{"id":503,"date":"2018-02-10T20:57:39","date_gmt":"2018-02-10T19:57:39","guid":{"rendered":"http:\/\/sunsmiles.si\/shop\/?page_id=503"},"modified":"2018-02-10T21:07:32","modified_gmt":"2018-02-10T20:07:32","slug":"zasebnost-in-piskotki","status":"publish","type":"page","link":"http:\/\/sunsmiles.si\/shop\/zasebnost-in-piskotki\/","title":{"rendered":"Zasebnost in pi\u0161kotki"},"content":{"rendered":"<p style=\"text-align: justify;\">SUNSMILES.SI se zavezuje, da bo po svojih najbolj\u0161ih mo\u017enih mo\u010deh varovala podatke in zasebnost obiskovalcev spletnih strani sunsmiles.si. Da bi prepre\u010dili nepoobla\u0161\u010den dostop do pridobljenih podatkov ali njihovo razkritje, ohranili natan\u010dnost osebnih podatkov in zagotovili njihovo ustrezno uporabo, uporabljamo ustrezne tehni\u010dne in organizacijske postopke za zavarovanje podatkov, ki jih zbiramo. Sunsmiles.si ne more izklju\u010diti morebitne zlorabe podatkov, saj je internet navkljub varnostnim ukrepom in varnostnim komunikacijskim protokolom nepredvidljiv medij.<\/p>\n<p style=\"text-align: justify;\">O pi\u0161kotkih in njihovi uporabi na na\u0161i spletni strani<\/p>\n<p style=\"text-align: justify;\"><strong>Kaj so pi\u0161kotki?<\/strong><br \/>\nPi\u0161kotek je datoteka, ki shrani nastavitve spletnih strani. Spletna mesta pi\u0161kotke shranijo v naprave uporabnikov, s katerimi dostopajo do interneta z namenom prepoznavanja posameznih naprav in nastavitev, ki so jih uporabniki uporabili pri dostopu. Pi\u0161kotki omogo\u010dajo spletnim stranem prepoznavanje, \u010de je uporabnik \u017ee obiskal to spletno mesto in pri naprednih aplikacijah se lahko z njihovo pomo\u010djo ustrezno prilagodijo posamezne nastavitve. Njihovo shranjevanje je pod popolnim nadzorom brskalnika, ki ga uporablja uporabnik \u2013 ta lahko shranjevanje pi\u0161kotkov po \u017eelji omeji ali onemogo\u010di.<\/p>\n<p style=\"text-align: justify;\"><strong>Zakaj so pi\u0161kotki potrebni?<\/strong><br \/>\nPi\u0161kotki so temeljnega pomena za zagotavljanje uporabniku prijaznih spletnih storitev; najpogostej\u0161e funkcije e-poslovanja ne bi bile mogo\u010de brez pi\u0161kotkov. Interakcija med spletnim uporabnikom in spletno stranjo je s pomo\u010djo pi\u0161kotkov hitrej\u0161a in enostavnej\u0161a. Z njihovo pomo\u010djo si spletna stran zapomni posameznikove preference in izku\u0161nje, brskanje po spletnih straneh pa je s tem bolj u\u010dinkovito in prijetno. Razlogov za uporabo pi\u0161kotkov je ve\u010d. Uporabljajo se za shranjevanje podatkov o stanju posamezne spletne strani (podrobnosti o prilagoditvah posamezne spletne strani), pomagajo pri izvajanju spletnih storitev (npr spletne trgovine), pomagajo pri zbiranju statistik o uporabnikih in obiskanosti spletnega mesta, o navadah spletnega uporabnika , itd. S pomo\u010djo pi\u0161kotkov lahko torej ocenimo u\u010dinkovitost zasnove na\u0161ega spletnega mesta. O priporo\u010deni in dovoljeni uporabi pi\u0161kotkov na spletnih straneh si lahko preberete tudi smernice informacijskega poobla\u0161\u010denca za uporabo pi\u0161kotkov, ki jih najdete tukaj.<\/p>\n<p style=\"text-align: justify;\">Pi\u0161kotki, ki jih uporabljamo na na\u0161i spletni strani,\u00a0<strong>ne zbirajo va\u0161ih osebnih podatkov<\/strong>, s katerimi bi vas bilo mogo\u010de osebno prepoznati in ne morejo po\u0161kodovati va\u0161ega ra\u010dunalnika, tablice ali mobilnega telefona. Pi\u0161kotki omogo\u010dajo delovanje na\u0161ega spletnega mesta in nam pomagajo razumeti, katere informacije so najkoristnej\u0161i za obiskovalce.<\/p>\n<p style=\"text-align: justify;\"><strong>Priglasitev<\/strong><br \/>\nZ uporabo tega spletnega mesta se strinjate, da to spletno mesto nastavi pi\u0161kotke na va\u0161em ra\u010dunalniku ali mobilni napravi.<\/p>\n<p style=\"text-align: justify;\"><strong>Upravljanje in brisanje pi\u0161kotkov<\/strong><br \/>\n\u010ce \u017eelite spremeniti na\u010din uporabe pi\u0161kotkov v brskalniku, vklju\u010dno z blokiranjem ali izbrisom, lahko to storite z ustrezno spremembo nastavitev brskalnika. Za upravljanje pi\u0161kotkov vam ve\u010dina brskalnikov omogo\u010da, da sprejmete ali zavrnete vse pi\u0161kotke, sprejmete samo dolo\u010deno vrsto pi\u0161kotkov ali pa vas opozori, da stran \u017eeli shraniti pi\u0161kotek. Pi\u0161kotke, ki jih je brskalnik shranil, lahko tudi enostavno izbri\u0161ete. \u010ce spremenite ali izbri\u0161ete brskalnikovo datoteko s pi\u0161kotki, spremenite ali nagradite va\u0161 brskalnik ali napravo, boste morda morali ponovno onemogo\u010diti pi\u0161kotke.Postopek za upravljanje in brisanje pi\u0161kotkov se razlikuje od brskalnika do brskalnika. \u010ce pri tem potrebujete pomo\u010d, lahko pogledate v brskalnikovi pomo\u010di uporabnikom.<\/p>\n","protected":false},"excerpt":{"rendered":"<p>SUNSMILES.SI se zavezuje, da bo po svojih najbolj\u0161ih mo\u017enih mo\u010deh varovala podatke in zasebnost obiskovalcev spletnih strani sunsmiles.si. Da bi prepre\u010dili nepoobla\u0161\u010den dostop do pridobljenih podatkov ali njihovo razkritje, ohranili natan\u010dnost osebnih podatkov in zagotovili njihovo ustrezno uporabo, uporabljamo ustrezne&hellip; <\/p>\n","protected":false},"author":1,"featured_media":0,"parent":0,"menu_order":0,"comment_status":"closed","ping_status":"closed","template":"","meta":[],"_links":{"self":[{"href":"http:\/\/sunsmiles.si\/shop\/wp-json\/wp\/v2\/pages\/503"}],"collection":[{"href":"http:\/\/sunsmiles.si\/shop\/wp-json\/wp\/v2\/pages"}],"about":[{"href":"http:\/\/sunsmiles.si\/shop\/wp-json\/wp\/v2\/types\/page"}],"author":[{"embeddable":true,"href":"http:\/\/sunsmiles.si\/shop\/wp-json\/wp\/v2\/users\/1"}],"replies":[{"embeddable":true,"href":"http:\/\/sunsmiles.si\/shop\/wp-json\/wp\/v2\/comments?post=503"}],"version-history":[{"count":3,"href":"http:\/\/sunsmiles.si\/shop\/wp-json\/wp\/v2\/pages\/503\/revisions"}],"predecessor-version":[{"id":506,"href":"http:\/\/sunsmiles.si\/shop\/wp-json\/wp\/v2\/pages\/503\/revisions\/506"}],"wp:attachment":[{"href":"http:\/\/sunsmiles.si\/shop\/wp-json\/wp\/v2\/media?parent=503"}],"curies":[{"name":"wp","href":"https:\/\/api.w.org\/{rel}","templated":true}]}}