{"id":499,"date":"2018-02-10T20:55:24","date_gmt":"2018-02-10T19:55:24","guid":{"rendered":"http:\/\/sunsmiles.si\/shop\/?page_id=499"},"modified":"2018-03-17T18:49:54","modified_gmt":"2018-03-17T17:49:54","slug":"kontakt","status":"publish","type":"page","link":"http:\/\/sunsmiles.si\/shop\/kontakt\/","title":{"rendered":"Kontakt in lokacija"},"content":{"rendered":"<p><strong>Naziv podjetja:<\/strong><br \/>\nSEKOPT d.o.o.<\/p>\n<p><strong>Naslov:<\/strong><br \/>\nKer\u0161i\u010dev hrib 17, 1420 Trbovlje<\/p>\n<p><strong>Dav\u010dna \u0161tevilka:<\/strong><br \/>\nSI28426843<\/p>\n<p><strong>Mati\u010dna \u0161tevilka:<\/strong><br \/>\n5349559000<\/p>\n<p>Okro\u017eno sodi\u0161\u010de v Ljubljani, \u0161t. vlo\u017eka 1\/06258\/00, osnovni kapital: 8.763,00\u20ac<\/p>\n<p><strong>TRR:<\/strong><br \/>\nSI56 0311 1100 0506 643 (SKB d.d.)<\/p>\n<p><strong>Kontakti:<\/strong><br \/>\nm: +386 (03)563 4540<br \/>\ne: info(at)sunsmiles.si<br \/>\nw: www.sunsmiles.si<\/p>\n<p><iframe loading=\"lazy\" style=\"border: 0;\" src=\"https:\/\/www.google.com\/maps\/embed?pb=!1m18!1m12!1m3!1d2763.0433487421606!2d15.048365699999987!3d46.16979279999993!2m3!1f0!2f0!3f0!3m2!1i1024!2i768!4f13.1!3m3!1m2!1s0x47656b707efccdfb%3A0x9697855b6586c796!2sKer%C5%A1i%C4%8Dev+Hrib+17%2C+1420+Trbovlje!5e0!3m2!1ssl!2ssi!4v1412278269291\" width=\"100%\" height=\"600\" frameborder=\"0\"><\/iframe><\/p>\n","protected":false},"excerpt":{"rendered":"<p>Naziv podjetja: SEKOPT d.o.o. Naslov: Ker\u0161i\u010dev hrib 17, 1420 Trbovlje Dav\u010dna \u0161tevilka: SI28426843 Mati\u010dna \u0161tevilka: 5349559000 Okro\u017eno sodi\u0161\u010de v Ljubljani, \u0161t. vlo\u017eka 1\/06258\/00, osnovni kapital: 8.763,00\u20ac TRR: SI56 0311 1100 0506 643 (SKB d.d.) Kontakti: m: +386 (03)563 4540 e:&hellip; <\/p>\n","protected":false},"author":1,"featured_media":0,"parent":0,"menu_order":0,"comment_status":"closed","ping_status":"closed","template":"","meta":[],"_links":{"self":[{"href":"http:\/\/sunsmiles.si\/shop\/wp-json\/wp\/v2\/pages\/499"}],"collection":[{"href":"http:\/\/sunsmiles.si\/shop\/wp-json\/wp\/v2\/pages"}],"about":[{"href":"http:\/\/sunsmiles.si\/shop\/wp-json\/wp\/v2\/types\/page"}],"author":[{"embeddable":true,"href":"http:\/\/sunsmiles.si\/shop\/wp-json\/wp\/v2\/users\/1"}],"replies":[{"embeddable":true,"href":"http:\/\/sunsmiles.si\/shop\/wp-json\/wp\/v2\/comments?post=499"}],"version-history":[{"count":4,"href":"http:\/\/sunsmiles.si\/shop\/wp-json\/wp\/v2\/pages\/499\/revisions"}],"predecessor-version":[{"id":536,"href":"http:\/\/sunsmiles.si\/shop\/wp-json\/wp\/v2\/pages\/499\/revisions\/536"}],"wp:attachment":[{"href":"http:\/\/sunsmiles.si\/shop\/wp-json\/wp\/v2\/media?parent=499"}],"curies":[{"name":"wp","href":"https:\/\/api.w.org\/{rel}","templated":true}]}}