{"id":464,"date":"2018-02-10T18:25:27","date_gmt":"2018-02-10T17:25:27","guid":{"rendered":"http:\/\/sunsmiles.si\/shop\/?page_id=464"},"modified":"2018-03-17T19:13:02","modified_gmt":"2018-03-17T18:13:02","slug":"navodila","status":"publish","type":"page","link":"http:\/\/sunsmiles.si\/shop\/navodila\/","title":{"rendered":"Navodila"},"content":{"rendered":"<p>Za enostavnej\u0161i nakup, smo vam pripravili<strong> tri kratke korake<\/strong>, kako najbolje sestaviti svoje<strong> SunSmiles sandale<\/strong>.<br \/>\n\u017delimo vam veliko pisanih idej \ud83d\ude42<\/p>\n<p>Izbirate med <strong>SVETLIM<\/strong> ali <strong>TEMNIM<\/strong> podplatom.<\/p>\n<p>Podplata se razlikujeta po \u0161tevilu zank, skozi katere ve\u017eemo trakove. S tem ustvarjamo svoje Sunsmiles sandale.<\/p>\n<p>\u010ce imate raje dalj\u0161e trakove, vam svetujemo podplat na <strong>pet (5) zank<\/strong>, medtem ko je podplat na<strong> tri (3) zanke<\/strong> bolje kombinirati s kraj\u0161imi trakci ali nogavi\u010dkami.<\/p>\n<p>Trakci in nogavi\u010dke, dalj\u0161i ali kraj\u0161i, enobarvni ali ve\u010dbarvni, z okraskom iz pravega kokosa ali ro\u010dno izdelane keramike, zlatimi ali srebrnimi obro\u010dki in \u0161e in \u0161e&#8230;<\/p>\n<p>Vezanje trakcev ali nogavi\u010dk je resni\u010dno enostavno in hitro.<\/p>\n<p>Za v slu\u017ebo bolj resno in uglajeno, za na pla\u017eo izjemno pisano in spro\u0161\u010deno&#8230; \u010de pa ste bolj pustolovski tip, potem bodo trakovi z vzorcem &#8220;animal&#8221; prava izbira za vas \ud83d\ude42<\/p>\n<p>Strogih pravil ni, zato lahko svoje ideje in navdih, vedno oblikujete po svoje. Prilagodite svoje sandal\u010dke va\u0161emu dnevnemu stilu in po\u010dutju \ud83d\ude42<\/p>\n","protected":false},"excerpt":{"rendered":"<p>Za enostavnej\u0161i nakup, smo vam pripravili tri kratke korake, kako najbolje sestaviti svoje SunSmiles sandale. \u017delimo vam veliko pisanih idej \ud83d\ude42 Izbirate med SVETLIM ali TEMNIM podplatom. Podplata se razlikujeta po \u0161tevilu zank, skozi katere ve\u017eemo trakove. S tem ustvarjamo&hellip; <\/p>\n","protected":false},"author":1,"featured_media":0,"parent":0,"menu_order":0,"comment_status":"closed","ping_status":"closed","template":"","meta":[],"_links":{"self":[{"href":"http:\/\/sunsmiles.si\/shop\/wp-json\/wp\/v2\/pages\/464"}],"collection":[{"href":"http:\/\/sunsmiles.si\/shop\/wp-json\/wp\/v2\/pages"}],"about":[{"href":"http:\/\/sunsmiles.si\/shop\/wp-json\/wp\/v2\/types\/page"}],"author":[{"embeddable":true,"href":"http:\/\/sunsmiles.si\/shop\/wp-json\/wp\/v2\/users\/1"}],"replies":[{"embeddable":true,"href":"http:\/\/sunsmiles.si\/shop\/wp-json\/wp\/v2\/comments?post=464"}],"version-history":[{"count":4,"href":"http:\/\/sunsmiles.si\/shop\/wp-json\/wp\/v2\/pages\/464\/revisions"}],"predecessor-version":[{"id":542,"href":"http:\/\/sunsmiles.si\/shop\/wp-json\/wp\/v2\/pages\/464\/revisions\/542"}],"wp:attachment":[{"href":"http:\/\/sunsmiles.si\/shop\/wp-json\/wp\/v2\/media?parent=464"}],"curies":[{"name":"wp","href":"https:\/\/api.w.org\/{rel}","templated":true}]}}