{"id":1461,"date":"2018-06-16T10:49:11","date_gmt":"2018-06-16T09:49:11","guid":{"rendered":"http:\/\/sunsmiles.si\/shop\/?page_id=1461"},"modified":"2018-06-16T11:00:57","modified_gmt":"2018-06-16T10:00:57","slug":"politika-varstva-osebnih-podatkov","status":"publish","type":"page","link":"http:\/\/sunsmiles.si\/shop\/politika-varstva-osebnih-podatkov\/","title":{"rendered":"Politika varstva osebnih podatkov"},"content":{"rendered":"<p><strong>POLITIKA VARSTVA OSEBNIH PODATKOV<\/strong><\/p>\n<p>Upravljavec osebnih podatkov in kontaktni podatki<\/p>\n<p>Ta politika velja za obdelavo (uporabo) katerihkoli osebnih podatkov, ki ga izvaja dru\u017eba<em> SEKOPT d.o.o. (upravljavec)<\/em> ali ki se izvaja v imenu upravljavca.<\/p>\n<p>Podatki o upravljavcu:<br \/>\nSEKOPT d.o.o.<br \/>\nKer\u0161i\u010dev hrib 17, 1420 Trbovlje<br \/>\nMati\u010dna \u0161tevilka: 5349559<br \/>\nTelefon: 03 56 34 540<br \/>\nE-po\u0161ta: info@sekopt.si<\/p>\n<p>Podatki o poobla\u0161\u010deni osebi za varstvo podatkov:<br \/>\nIme in Priimek \/ Naziv: direktorica Janja Zakonj\u0161ek<br \/>\nKontaktni telefon: 03 56 34 540<br \/>\nKontaktni e-po\u0161tni naslov: janja@sekopt.si<\/p>\n<p><em>Katere osebne podatke obdelujemo<\/em><\/p>\n<p>&#8211; Osnovni kontaktni podatki (ime, priimek, telefonska \u0161tevilka, e-naslov);<br \/>\n&#8211; Podatki, ki jih potrebujemo za izpolnitev pogodbe in dostavo kupljenega blaga (predmet nakupa, cena, naslov za dostavo, \u010das dostave, na\u010din pla\u010dila, datum pla\u010dila, podatki o reklamacijah, podatki o izdanem ra\u010dunu).<\/p>\n<p><em>Pravne podlage za obdelavo osebnih podatkov<\/em><\/p>\n<p>Va\u0161e osebne podatke lahko obdelujemo na naslednjih pravnih podlagah:<br \/>\n&#8211; kadar je to potrebno za izpolnitev na\u0161ih zakonskih obveznosti (npr. izdaja ra\u010dunov za kupljeno blago);<br \/>\n&#8211; kadar je obdelava va\u0161ih osebnih podatkov potrebna za sklenitev in izpolnitev pogodbe, ki ste jo sklenili z nami ali ker ste od nas \u017eeleli ponudbo;<br \/>\n&#8211; kadar ste za obdelavo svojih osebnih podatkov podali privolitev za obdelavo za posamezen namen obdelave, pri \u010demer imate vedno pravico, da dano privolitev prekli\u010dete (npr. za prilagojeno obve\u0161\u010danje o na\u0161i ponudbi, ki temelji na oblikovanju profilov);<br \/>\n&#8211; kadar imamo za obdelavo va\u0161ih osebnih podatkov zakonit interes (npr.: ko vam po\u0161ljemo e-po\u0161to v primeru, da ste zapustili nakupovalno ko\u0161arico na na\u0161i spletni strani brez dokon\u010danja nakupa).<\/p>\n<p><em>Nameni obdelave osebnih podatkov<\/em><\/p>\n<p>Va\u0161e osebne podatke lahko uporabljamo za enega ali ve\u010d navedenih namenov:<br \/>\n&#8211; komuniciranje z vami glede zagotavljanja na\u0161ih storitev ter odgovarjanja na va\u0161a povpra\u0161evanja;<br \/>\n&#8211; sklenitev pogodbe in izpolnitev obveznosti, ki izhajajo iz sklenjene pogodbe;<br \/>\n&#8211; za uveljavljanje kakr\u0161nihkoli pravnih zahtevkov in re\u0161evanje sporov;<\/p>\n<p><em>Kako dolgo hranimo va\u0161e osebne podatke in kaj se z njimi zgodi potem<\/em><\/p>\n<p>Podatke o izdanih ra\u010dunih hranimo 10 let od izdaje.<\/p>\n<p>Podatke, ki si potrebni za sklenitev in izpolnitev pogodbe med vami in nami, hranimo \u0161e 5 let od izpolnitve pogodbe (dobave blaga).<\/p>\n<p>Po poteku roka hrambe osebne podatke u\u010dinkovito izbri\u0161emo ali anonimiziramo, kar pomeni, da jih obdelamo na tak na\u010din, da jih nikakor ni ve\u010d mogo\u010de povezati z vami oziroma ji pripisati vam.<\/p>\n<p><em>Prostovoljnost posredovanja podatkov in posledice neposredovanja<\/em><\/p>\n<p>Posredovanje osebnih podatkov je prostovoljno. Osebnih podatkov nam niste dol\u017eni posredovati, vendar pa v primeru, da jih ne posredujete, ne more prejeti dolo\u010denih storitev oziroma z nami skleniti pogodbe. Kateri podatki so taki, da njihovo neposredovanje povzro\u010di navedene posledice, bomo navedli vsaki\u010d, ko bomo od vas pridobivali osebne podatke.<\/p>\n<p><em>Kdo ima dostop do va\u0161ih osebnih podatkov<\/em><\/p>\n<p>Va\u0161ih osebnih podatkov ne posredujemo in ne omogo\u010damo seznanitve z njimi tretjim osebam (izven dru\u017ebe SEKOPT d.o.o.) in nimamo pogodbenega obdelovalca.<\/p>\n<p><em>Kak\u0161ne pravice imate v zvezi z osebnimi podatki, kako lahko prekli\u010dete privolitev za obdelavo in kak\u0161ne so posledice preklica<\/em><\/p>\n<p>Glede svojih osebnih podatkov imate naslednje pravice:<br \/>\n&#8211; da od nas kadarkoli zahtevate:<br \/>\no potrditev, ali obdelujemo va\u0161e osebne podatke;<br \/>\no dostop do osebnih podatkov in naslednje informacije: namene obdelave; vrste osebnih podatkov; uporabnike ali kategorije uporabnikov, ki so jim bili ali jim bodo razkriti osebni podatki, zlasti uporabnike v tretjih dr\u017eavah ali mednarodnih organizacijah; predvideno obdobje hrambe osebnih podatkov ali, \u010de to ni mogo\u010de, merila, ki se uporabijo za dolo\u010ditev tega obdobja; obstoj avtomatiziranega sprejemanja odlo\u010ditev, vklju\u010dno z oblikovanjem profilov ter razloge zanj kot tudi pomen in predvidene posledice take obdelave za vas;<br \/>\no eno (brezpla\u010dno) kopijo osebnih podatkov v obliki, ki jo dolo\u010dite sami (\u010de je zahteva podana z elektronskim sredstvom za komunikacijo in ne zahtevate druga\u010de, se kopija zagotovi v elektronski obliki); za dodatne kopije, ki jih zahtevate, lahko zara\u010dunamo razumno pristojbino ob upo\u0161tevanju stro\u0161kov;<br \/>\no popravek neto\u010dnih osebnih podatkov;<br \/>\no omejitev obdelave, kadar:<br \/>\n\uf0a7 oporekate to\u010dnosti osebnih podatkov, in sicer za obdobje, ki nam omogo\u010da preveriti to\u010dnost osebnih podatkov;<br \/>\n\uf0a7 je obdelava nezakonita in nasprotujete izbrisu osebnih podatkov ter namesto tega zahtevate omejitev njihove uporabe;<br \/>\n\uf0a7 osebnih podatkov ne potrebujemo ve\u010d za namene obdelave, pa jih vi potrebuje za uveljavljanje, izvajanje ali obrambo pravnih zahtevkov;<br \/>\no izbris vseh osebnih podatkov (pravica do pozabe), \u010de so izpolnjene predpostavke iz \u010dlena 17 Splo\u0161ne uredbe o varstvu podatkov, predvsem pa v primeru, kadar prekli\u010dete privolitev za obdelavo osebnih podatkov;<br \/>\no izpis osebnih podatkov v strukturirani, splo\u0161no uporabljani in strojno berljivi obliki, s pravico, da te podatke posredujete drugemu upravljavcu, ne da bi vas mi pri tem ovirali;<br \/>\no prenehanje uporabe osebnih podatkov za namene neposrednega tr\u017eenja, vklju\u010dno z oblikovanjem profilov;<br \/>\no da za vas ne velja odlo\u010ditev, ki temelji zgolj na avtomatizirani obdelavi, vklju\u010dno z oblikovanjem profilov \u010de so izpolnjene predpostavke iz \u010dlena 22 Splo\u0161ne uredbe o varstvu podatkov.<br \/>\n&#8211; pravico, da zoper nas vlo\u017eite prito\u017ebo pri Informacijskem poobla\u0161\u010dencu, \u010de menite, da obdelava va\u0161ih osebnih podatkov kr\u0161i Splo\u0161no uredbo o varstvu podatkov.<\/p>\n<p><em>Postopek uveljavljanja pravic<\/em><\/p>\n<p>Svoje zahteve, ki se ti\u010dejo uveljavljanja pravic v zvezi z osebnimi podatki lahko naslovite v pisni obliki na katerikoli kontakt, ki je naveden na vrhu tega dokumenta pod Upravljavec osebnih podatkov in kontaktni podatki.<\/p>\n<p>Za potrebe zanesljive identifikacije v primeru uveljavljanja pravic v zvezi z osebnimi podatki lahko od vas zahtevamo dodatne podatke, ukrepanje pa lahko zavrnemo le v primeru, da doka\u017eemo, da vas ne moremo zanesljivo identificirati.<\/p>\n<p>Na va\u0161o zahtevo s katero uveljavljate svoje pravice v zvezi z osebnimi podatki, moramo odgovoriti brez nepotrebnega odla\u0161anja in najpozneje v enem mesecu od prejema va\u0161e zahteve.<\/p>\n","protected":false},"excerpt":{"rendered":"<p>POLITIKA VARSTVA OSEBNIH PODATKOV Upravljavec osebnih podatkov in kontaktni podatki Ta politika velja za obdelavo (uporabo) katerihkoli osebnih podatkov, ki ga izvaja dru\u017eba SEKOPT d.o.o. (upravljavec) ali ki se izvaja v imenu upravljavca. Podatki o upravljavcu: SEKOPT d.o.o. Ker\u0161i\u010dev hrib&hellip; <\/p>\n","protected":false},"author":2,"featured_media":0,"parent":0,"menu_order":0,"comment_status":"closed","ping_status":"closed","template":"","meta":[],"_links":{"self":[{"href":"http:\/\/sunsmiles.si\/shop\/wp-json\/wp\/v2\/pages\/1461"}],"collection":[{"href":"http:\/\/sunsmiles.si\/shop\/wp-json\/wp\/v2\/pages"}],"about":[{"href":"http:\/\/sunsmiles.si\/shop\/wp-json\/wp\/v2\/types\/page"}],"author":[{"embeddable":true,"href":"http:\/\/sunsmiles.si\/shop\/wp-json\/wp\/v2\/users\/2"}],"replies":[{"embeddable":true,"href":"http:\/\/sunsmiles.si\/shop\/wp-json\/wp\/v2\/comments?post=1461"}],"version-history":[{"count":1,"href":"http:\/\/sunsmiles.si\/shop\/wp-json\/wp\/v2\/pages\/1461\/revisions"}],"predecessor-version":[{"id":1462,"href":"http:\/\/sunsmiles.si\/shop\/wp-json\/wp\/v2\/pages\/1461\/revisions\/1462"}],"wp:attachment":[{"href":"http:\/\/sunsmiles.si\/shop\/wp-json\/wp\/v2\/media?parent=1461"}],"curies":[{"name":"wp","href":"https:\/\/api.w.org\/{rel}","templated":true}]}}